{"id":952,"date":"2021-08-27T05:29:25","date_gmt":"2021-08-27T05:29:25","guid":{"rendered":"https:\/\/mepa.com.ar\/mcaabogados\/?page_id=952"},"modified":"2021-08-27T05:29:25","modified_gmt":"2021-08-27T05:29:25","slug":"recruiting","status":"publish","type":"page","link":"https:\/\/mcabogados.com.ar\/index.php\/recruiting\/","title":{"rendered":"Recruiting"},"content":{"rendered":"\n<style type=\"text\/css\" id=\"style-css-av-kstwupxw-fb4a703721d69221d0a80cc42d5608dd\">\n.avia-section.av-kstwupxw-fb4a703721d69221d0a80cc42d5608dd{\nbackground-repeat:no-repeat;\nbackground-image:url(https:\/\/mcabogados.com.ar\/wp-content\/uploads\/2021\/09\/MCA-Abogados-Recruiting.jpg);\nbackground-position:center center;\nbackground-attachment:scroll;\n}\n.avia-section.av-kstwupxw-fb4a703721d69221d0a80cc42d5608dd .av-section-color-overlay{\nopacity:0.2;\nbackground-color:#000000;\n}\n<\/style>\n<div id='av_section_1'  class='avia-section av-kstwupxw-fb4a703721d69221d0a80cc42d5608dd main_color avia-section-default avia-no-border-styling  avia-builder-el-0  el_before_av_section  avia-builder-el-first  avia-full-stretch avia-bg-style-scroll av-section-color-overlay-active  av-minimum-height av-minimum-height-custom  container_wrap sidebar_right'  data-section-bg-repeat='stretch'><div class='av-section-color-overlay-wrap'><div class=\"av-section-color-overlay\"><\/div><div class='container av-section-cont-open' style='height:230px'><main  role=\"main\" itemprop=\"mainContentOfPage\"  class='template-page content  av-content-small alpha units'><div class='post-entry post-entry-type-page post-entry-952'><div class='entry-content-wrapper clearfix'>\n\n<style type=\"text\/css\" id=\"style-css-av-7tqpk-50cbc743e57567ae78bc3e604fa9c47c\">\n#top .flex_column.av-7tqpk-50cbc743e57567ae78bc3e604fa9c47c{\nmargin-top:0px;\nmargin-bottom:0px;\nborder-radius:0px;\n-webkit-border-radius:0px;\n-moz-border-radius:0px;\npadding:0px;\n}\n<\/style>\n<div class='flex_column av-7tqpk-50cbc743e57567ae78bc3e604fa9c47c av_one_full  avia-builder-el-1  avia-builder-el-no-sibling  first flex_column_div  av-animated-generic left-to-right av-zero-column-padding '   ><style type=\"text\/css\" id=\"style-css-av-kstwujiw-32cb0091dd7886422adf287fdddcad45\">\n#top .av-special-heading.av-kstwujiw-32cb0091dd7886422adf287fdddcad45{\npadding-bottom:0px;\ncolor:#ffffff;\nfont-size:50px;\n}\n.av-special-heading.av-kstwujiw-32cb0091dd7886422adf287fdddcad45 .special-heading-inner-border{\nborder-color:#ffffff;\n}\n<\/style>\n<div  class='av-special-heading av-kstwujiw-32cb0091dd7886422adf287fdddcad45 av-special-heading-h1 custom-color-heading blockquote modern-quote modern-centered  avia-builder-el-2  avia-builder-el-no-sibling  av-inherit-size '><h1 class='av-special-heading-tag '  itemprop=\"headline\"  >Recruiting<\/h1><div class='special-heading-border'><div class='special-heading-inner-border'><\/div><\/div><\/div><\/div>\n\n<\/div><\/div><\/main><!-- close content main element --><\/div><\/div><\/div><div id='av_section_2'  class='avia-section av-22ztmw-0a483ce8fcbbb33450b17664d215635e main_color avia-section-huge avia-no-shadow  avia-builder-el-3  el_after_av_section  el_before_av_section  avia-bg-style-scroll  container_wrap sidebar_right'  ><div class='container av-section-cont-open' ><div class='template-page content  av-content-small alpha units'><div class='post-entry post-entry-type-page post-entry-952'><div class='entry-content-wrapper clearfix'>\n\n<style type=\"text\/css\" id=\"style-css-av-1rwe08-586027e4a2119e3c82193344abea8c21\">\n#top .flex_column.av-1rwe08-586027e4a2119e3c82193344abea8c21{\nborder-radius:0px;\n-webkit-border-radius:0px;\n-moz-border-radius:0px;\npadding:0px;\n}\n<\/style>\n<div class='flex_column av-1rwe08-586027e4a2119e3c82193344abea8c21 av_one_fifth  avia-builder-el-4  el_before_av_three_fifth  avia-builder-el-first  first flex_column_div av-hide-on-mobile av-zero-column-padding '   ><\/div>\n<style type=\"text\/css\" id=\"style-css-av-1xfi7s-ef3a30e84bd885e4277bfacba5f1eab7\">\n#top .flex_column.av-1xfi7s-ef3a30e84bd885e4277bfacba5f1eab7{\nborder-radius:0px;\n-webkit-border-radius:0px;\n-moz-border-radius:0px;\npadding:0px;\n}\n<\/style>\n<div class='flex_column av-1xfi7s-ef3a30e84bd885e4277bfacba5f1eab7 av_three_fifth  avia-builder-el-5  el_after_av_one_fifth  el_before_av_one_fifth  flex_column_div av-zero-column-padding '   ><p>\n<style type=\"text\/css\" id=\"style-css-av-kstwwaut-fd8ad54e9ef0d3a10ea66f02750f98ab\">\n#top .av-special-heading.av-kstwwaut-fd8ad54e9ef0d3a10ea66f02750f98ab{\npadding-bottom:20px;\n}\n<\/style>\n<div  class='av-special-heading av-kstwwaut-fd8ad54e9ef0d3a10ea66f02750f98ab av-special-heading-h2 blockquote modern-quote modern-centered  avia-builder-el-6  el_before_av_image  avia-builder-el-first  '><h2 class='av-special-heading-tag '  itemprop=\"headline\"  >MCA marca la diferencia y sus integrantes tambi\u00e9n<\/h2><div class='special-heading-border'><div class='special-heading-inner-border'><\/div><\/div><\/div><br \/>\n\n<style type=\"text\/css\" id=\"style-css-av-kstwy7oc-8ccce8f9068d3482974e8a96cd6b02af\">\n.avia-image-container.av-kstwy7oc-8ccce8f9068d3482974e8a96cd6b02af .av-image-caption-overlay-center{\ncolor:#ffffff;\n}\n<\/style>\n<div  class='avia-image-container av-kstwy7oc-8ccce8f9068d3482974e8a96cd6b02af av-styling-no-styling avia-align-center  avia-builder-el-7  el_after_av_heading  el_before_av_hr  '  itemprop=\"image\" itemscope=\"itemscope\" itemtype=\"https:\/\/schema.org\/ImageObject\" ><div class=\"avia-image-container-inner\"><div class=\"avia-image-overlay-wrap\"><img decoding=\"async\" class='wp-image-1014 avia-img-lazy-loading-not-1014 avia_image' src=\"https:\/\/mcabogados.com.ar\/wp-content\/uploads\/2021\/09\/Separador-rojo.png\" alt='' title='Separador rojo'  height=\"8\" width=\"150\"  itemprop=\"thumbnailUrl\"  \/><\/div><\/div><\/div><br \/>\n\n<style type=\"text\/css\" id=\"style-css-av-kstwybup-b9830823bfcd529e8969acbcd5afdb8a\">\n.hr.av-kstwybup-b9830823bfcd529e8969acbcd5afdb8a{\nheight:50px;\n}\n<\/style>\n<div  class='hr av-kstwybup-b9830823bfcd529e8969acbcd5afdb8a hr-invisible  avia-builder-el-8  el_after_av_image  avia-builder-el-last  '><span class='hr-inner '><span class=\"hr-inner-style\"><\/span><\/span><\/div><\/p><\/div>\n<style type=\"text\/css\" id=\"style-css-av-jgam0-7bbb0e03ec74a43d7752b6d039693b1a\">\n#top .flex_column.av-jgam0-7bbb0e03ec74a43d7752b6d039693b1a{\nborder-radius:0px;\n-webkit-border-radius:0px;\n-moz-border-radius:0px;\npadding:0px;\n}\n<\/style>\n<div class='flex_column av-jgam0-7bbb0e03ec74a43d7752b6d039693b1a av_one_fifth  avia-builder-el-9  el_after_av_three_fifth  el_before_av_one_third  flex_column_div av-hide-on-mobile av-zero-column-padding '   ><\/div>\n<style type=\"text\/css\" id=\"style-css-av-1i8tns-76c6eb1284e175a973ea88da326f0308\">\n#top .flex_column.av-1i8tns-76c6eb1284e175a973ea88da326f0308{\nborder-radius:0px;\n-webkit-border-radius:0px;\n-moz-border-radius:0px;\npadding:0px;\n}\n<\/style>\n<div class='flex_column av-1i8tns-76c6eb1284e175a973ea88da326f0308 av_one_third  avia-builder-el-10  el_after_av_one_fifth  el_before_av_one_third  first flex_column_div av-zero-column-padding column-top-margin'   ><section class=\"av_textblock_section \"  itemscope=\"itemscope\" itemtype=\"https:\/\/schema.org\/CreativeWork\" ><div class='avia_textblock  '   itemprop=\"text\" ><p><span style=\"font-weight: 400;\">Trabajar en <strong>MCA<\/strong> significa una oportunidad para desarrollar tu personalidad, tus habilidades y talentos al m\u00e1ximo para producir un impacto en el mundo de los negocios.<\/span><\/p>\n<\/div><\/section><\/div>\n<style type=\"text\/css\" id=\"style-css-av-1gyukg-868b7fefc26fd10a4ec19d1e781f86cd\">\n#top .flex_column.av-1gyukg-868b7fefc26fd10a4ec19d1e781f86cd{\nborder-radius:0px;\n-webkit-border-radius:0px;\n-moz-border-radius:0px;\npadding:0px;\n}\n<\/style>\n<div class='flex_column av-1gyukg-868b7fefc26fd10a4ec19d1e781f86cd av_one_third  avia-builder-el-12  el_after_av_one_third  el_before_av_one_third  flex_column_div av-zero-column-padding column-top-margin'   ><section class=\"av_textblock_section \"  itemscope=\"itemscope\" itemtype=\"https:\/\/schema.org\/CreativeWork\" ><div class='avia_textblock  '   itemprop=\"text\" ><p><span style=\"font-weight: 400;\">En <strong>MCA<\/strong> contratamos a quienes tengan capacidad de desarrollo y personalidad para enfrentar los m\u00e1s altos desaf\u00edos y exigencias. Prestamos especial atenci\u00f3n a la capacidad de an\u00e1lisis jur\u00eddicos y su aplicaci\u00f3n en la instrumentaci\u00f3n de negocios o resoluci\u00f3n de conflictos.<\/span><\/p>\n<\/div><\/section><\/div>\n<style type=\"text\/css\" id=\"style-css-av-1anycw-b4d3064ebadc5b17d938267db758703d\">\n#top .flex_column.av-1anycw-b4d3064ebadc5b17d938267db758703d{\nborder-radius:0px;\n-webkit-border-radius:0px;\n-moz-border-radius:0px;\npadding:0px;\n}\n<\/style>\n<div class='flex_column av-1anycw-b4d3064ebadc5b17d938267db758703d av_one_third  avia-builder-el-14  el_after_av_one_third  avia-builder-el-last  flex_column_div av-zero-column-padding column-top-margin'   ><section class=\"av_textblock_section \"  itemscope=\"itemscope\" itemtype=\"https:\/\/schema.org\/CreativeWork\" ><div class='avia_textblock  '   itemprop=\"text\" ><p><span style=\"font-weight: 400;\">Somos concientes de quienes integren <strong>MCA<\/strong> participar\u00e1n activamente, cualquiera sea su puesto, en la atenci\u00f3n, contenci\u00f3n y soluci\u00f3n de los conflictos de nuestros clientes, y que su participaci\u00f3n se reflejar\u00e1 en la calidad de los servicios prestados por el estudio. Es por ello que ponemos especial atenci\u00f3n a la hora de contratar nuestros nuevos talentos.<\/span><\/p>\n<\/div><\/section><\/div>\n\n<\/div><\/div><\/div><!-- close content main div --><\/div><\/div><div id='av_section_3'  class='avia-section av-kstwyxbr-9e4464c2b4e3dbd451d932c4cd582d71 alternate_color avia-section-huge avia-no-shadow  avia-builder-el-16  el_after_av_section  avia-builder-el-last  avia-bg-style-scroll  container_wrap sidebar_right'  ><div class='container av-section-cont-open' ><div class='template-page content  av-content-small alpha units'><div class='post-entry post-entry-type-page post-entry-952'><div class='entry-content-wrapper clearfix'>\n\n<style type=\"text\/css\" id=\"style-css-av-hugtk-52cb1e0431be880aa89c049a05cfcd36\">\n#top .flex_column.av-hugtk-52cb1e0431be880aa89c049a05cfcd36{\nborder-radius:0px;\n-webkit-border-radius:0px;\n-moz-border-radius:0px;\npadding:0px;\n}\n<\/style>\n<div class='flex_column av-hugtk-52cb1e0431be880aa89c049a05cfcd36 av_one_fifth  avia-builder-el-17  el_before_av_three_fifth  avia-builder-el-first  first flex_column_div av-hide-on-mobile av-zero-column-padding '   ><\/div>\n<style type=\"text\/css\" id=\"style-css-av-11u3gg-468a6b7dd4691d5dc1e678dee0a987ca\">\n#top .flex_column.av-11u3gg-468a6b7dd4691d5dc1e678dee0a987ca{\nborder-radius:0px;\n-webkit-border-radius:0px;\n-moz-border-radius:0px;\npadding:0px;\n}\n<\/style>\n<div class='flex_column av-11u3gg-468a6b7dd4691d5dc1e678dee0a987ca av_three_fifth  avia-builder-el-18  el_after_av_one_fifth  el_before_av_one_fifth  flex_column_div av-zero-column-padding '   ><p>\n<style type=\"text\/css\" id=\"style-css-av-kstx0ma9-ddfeb72008ce1d2a26303f40580623f6\">\n#top .av-special-heading.av-kstx0ma9-ddfeb72008ce1d2a26303f40580623f6{\npadding-bottom:20px;\n}\n.av-special-heading.av-kstx0ma9-ddfeb72008ce1d2a26303f40580623f6 .av-subheading{\nfont-size:15px;\n}\n<\/style>\n<div  class='av-special-heading av-kstx0ma9-ddfeb72008ce1d2a26303f40580623f6 av-special-heading-h2 blockquote modern-quote modern-centered  avia-builder-el-19  el_before_av_image  avia-builder-el-first  '><h2 class='av-special-heading-tag '  itemprop=\"headline\"  >Curriculum Vitae Personal Administrativo<\/h2><div class='av-subheading av-subheading_below '><p>Los campos a llenar que contienen un asterisco (*) son obligatorios<\/p>\n<\/div><div class='special-heading-border'><div class='special-heading-inner-border'><\/div><\/div><\/div><br \/>\n\n<style type=\"text\/css\" id=\"style-css-av-wvkrc-997c5b9ef27a594761544cffaccec946\">\n.avia-image-container.av-wvkrc-997c5b9ef27a594761544cffaccec946 .av-image-caption-overlay-center{\ncolor:#ffffff;\n}\n<\/style>\n<div  class='avia-image-container av-wvkrc-997c5b9ef27a594761544cffaccec946 av-styling-no-styling avia-align-center  avia-builder-el-20  el_after_av_heading  el_before_av_hr  '  itemprop=\"image\" itemscope=\"itemscope\" itemtype=\"https:\/\/schema.org\/ImageObject\" ><div class=\"avia-image-container-inner\"><div class=\"avia-image-overlay-wrap\"><img decoding=\"async\" class='wp-image-895 avia-img-lazy-loading-not-895 avia_image' src=\"https:\/\/mcabogados.com.ar\/wp-content\/uploads\/2021\/08\/Separador-blanco.png\" alt='' title='Separador blanco'  height=\"8\" width=\"150\"  itemprop=\"thumbnailUrl\"  \/><\/div><\/div><\/div><br \/>\n\n<style type=\"text\/css\" id=\"style-css-av-svpqw-70556d7edaddf2983fd18ea6c23e95f1\">\n.hr.av-svpqw-70556d7edaddf2983fd18ea6c23e95f1{\nheight:50px;\n}\n<\/style>\n<div  class='hr av-svpqw-70556d7edaddf2983fd18ea6c23e95f1 hr-invisible  avia-builder-el-21  el_after_av_image  avia-builder-el-last  '><span class='hr-inner '><span class=\"hr-inner-style\"><\/span><\/span><\/div><\/p><\/div>\n<style type=\"text\/css\" id=\"style-css-av-9oeeg-97f12c510384ade10ac26fd57d600ef9\">\n#top .flex_column.av-9oeeg-97f12c510384ade10ac26fd57d600ef9{\nborder-radius:0px;\n-webkit-border-radius:0px;\n-moz-border-radius:0px;\npadding:0px;\n}\n<\/style>\n<div class='flex_column av-9oeeg-97f12c510384ade10ac26fd57d600ef9 av_one_fifth  avia-builder-el-22  el_after_av_three_fifth  el_before_av_two_third  flex_column_div av-hide-on-mobile av-zero-column-padding '   ><\/div>\n<style type=\"text\/css\" id=\"style-css-av-htl6o-00718e9a775fb2021caaf26abafcf286\">\n#top .flex_column.av-htl6o-00718e9a775fb2021caaf26abafcf286{\nborder-radius:0px;\n-webkit-border-radius:0px;\n-moz-border-radius:0px;\npadding:0px;\n}\n<\/style>\n<div class='flex_column av-htl6o-00718e9a775fb2021caaf26abafcf286 av_two_third  avia-builder-el-23  el_after_av_one_fifth  el_before_av_one_third  first flex_column_div av-zero-column-padding column-top-margin'   ><\/div>\n<style type=\"text\/css\" id=\"style-css-av-boz20-b586fd9549808577a7ba64ee1072e93d\">\n#top .flex_column.av-boz20-b586fd9549808577a7ba64ee1072e93d{\nborder-radius:0px;\n-webkit-border-radius:0px;\n-moz-border-radius:0px;\npadding:0px;\n}\n<\/style>\n<div class='flex_column av-boz20-b586fd9549808577a7ba64ee1072e93d av_one_third  avia-builder-el-25  el_after_av_two_third  avia-builder-el-last  flex_column_div av-zero-column-padding column-top-margin'   ><section class=\"av_textblock_section \"  itemscope=\"itemscope\" itemtype=\"https:\/\/schema.org\/CreativeWork\" ><div class='avia_textblock  '  style='font-size:13px; '  itemprop=\"text\" ><p>Tu CV debe contener:<\/p>\n<ul>\n<li><strong>Datos personales<\/strong>\n<ul>\n<li><span style=\"font-weight: 400;\">Nombre y Apellido<\/span><\/li>\n<li>DNI<\/li>\n<li><span style=\"font-weight: 400;\">Fecha de Nacimiento<\/span><\/li>\n<li><span style=\"font-weight: 400;\">Estado Civil<\/span><\/li>\n<li>Sexo<\/li>\n<li><span style=\"font-weight: 400;\">Domicilio (direcci\u00f3n, ciudad, provincia y c\u00f3digo postal)<\/span><\/li>\n<li>Tel\u00e9fono<\/li>\n<li>E-mail<\/li>\n<li><span style=\"font-weight: 400;\">Foto (preferentemente 150 x 200 px o superior)\u00a0<\/span><\/li>\n<\/ul>\n<\/li>\n<li><b>Educaci\u00f3n<\/b>\n<ul>\n<li>Colegio Secundario<\/li>\n<li>Universidad\n<ul>\n<li>A\u00f1o de graduaci\u00f3n o pr\u00f3ximo a graduarse<\/li>\n<li>T\u00edtulo<\/li>\n<\/ul>\n<\/li>\n<li>Estudios de Postgrado (s\u00f3lo indicar Maestr\u00edas o Doctorados en universidades nacionales o extranjeras)\n<ul>\n<li>Instituci\u00f3n<\/li>\n<li>T\u00edtulo<\/li>\n<li>A\u00f1o de graduaci\u00f3n o En curso<\/li>\n<\/ul>\n<\/li>\n<\/ul>\n<\/li>\n<li><strong>Idiomas <\/strong>(s\u00f3lo indicar en el caso de manejo fluido oral y escrito)\n<ul>\n<li>Ingl\u00e9s<\/li>\n<li>Alem\u00e1n<\/li>\n<li>Franc\u00e9s<\/li>\n<li>Otro:<\/li>\n<\/ul>\n<\/li>\n<li><b>Antecedentes Laborales<\/b>\n<ul>\n<li>Cada antecedente indicado debe contener\n<ul>\n<li>Datos de la empresa<\/li>\n<li><span style=\"font-weight: 400;\">Fechas de ingreso y egreso<\/span><\/li>\n<li><span style=\"font-weight: 400;\">Puesto ocupado<\/span><\/li>\n<li><span style=\"font-weight: 400;\">Referente<\/span><\/li>\n<\/ul>\n<\/li>\n<\/ul>\n<\/li>\n<\/ul>\n<\/div><\/section><\/div><\/div><\/div><\/div><!-- close content main div --><\/div><\/div><div id='after_section_3'  class='main_color av_default_container_wrap container_wrap sidebar_right'  ><div class='container av-section-cont-open' ><div class='template-page content  av-content-small alpha units'><div class='post-entry post-entry-type-page post-entry-952'><div class='entry-content-wrapper clearfix'>\n","protected":false},"excerpt":{"rendered":"","protected":false},"author":1,"featured_media":0,"parent":0,"menu_order":0,"comment_status":"closed","ping_status":"closed","template":"","meta":{"footnotes":""},"class_list":["post-952","page","type-page","status-publish","hentry"],"_links":{"self":[{"href":"https:\/\/mcabogados.com.ar\/index.php\/wp-json\/wp\/v2\/pages\/952","targetHints":{"allow":["GET"]}}],"collection":[{"href":"https:\/\/mcabogados.com.ar\/index.php\/wp-json\/wp\/v2\/pages"}],"about":[{"href":"https:\/\/mcabogados.com.ar\/index.php\/wp-json\/wp\/v2\/types\/page"}],"author":[{"embeddable":true,"href":"https:\/\/mcabogados.com.ar\/index.php\/wp-json\/wp\/v2\/users\/1"}],"replies":[{"embeddable":true,"href":"https:\/\/mcabogados.com.ar\/index.php\/wp-json\/wp\/v2\/comments?post=952"}],"version-history":[{"count":0,"href":"https:\/\/mcabogados.com.ar\/index.php\/wp-json\/wp\/v2\/pages\/952\/revisions"}],"wp:attachment":[{"href":"https:\/\/mcabogados.com.ar\/index.php\/wp-json\/wp\/v2\/media?parent=952"}],"curies":[{"name":"wp","href":"https:\/\/api.w.org\/{rel}","templated":true}]}}