{"id":945,"date":"2021-08-27T05:21:58","date_gmt":"2021-08-27T05:21:58","guid":{"rendered":"https:\/\/mepa.com.ar\/mcaabogados\/?page_id=945"},"modified":"2021-08-27T05:21:58","modified_gmt":"2021-08-27T05:21:58","slug":"pro-bono","status":"publish","type":"page","link":"https:\/\/mcabogados.com.ar\/index.php\/pro-bono\/","title":{"rendered":"Pro Bono"},"content":{"rendered":"\n<style type=\"text\/css\" id=\"style-css-av-10efvt-0827e3c669980cda96004ae833c76333\">\n.avia-section.av-10efvt-0827e3c669980cda96004ae833c76333{\nbackground-repeat:no-repeat;\nbackground-image:url(https:\/\/mcabogados.com.ar\/wp-content\/uploads\/2021\/09\/MCA-Abogados-Pro-bono.jpg);\nbackground-position:center center;\nbackground-attachment:scroll;\n}\n.avia-section.av-10efvt-0827e3c669980cda96004ae833c76333 .av-section-color-overlay{\nopacity:0.2;\nbackground-color:#000000;\n}\n<\/style>\n<div id='av_section_1'  class='avia-section av-10efvt-0827e3c669980cda96004ae833c76333 main_color avia-section-default avia-no-border-styling  avia-builder-el-0  el_before_av_section  avia-builder-el-first  avia-full-stretch avia-bg-style-scroll av-section-color-overlay-active  av-minimum-height av-minimum-height-custom  container_wrap sidebar_right'  data-section-bg-repeat='stretch'><div class='av-section-color-overlay-wrap'><div class=\"av-section-color-overlay\"><\/div><div class='container av-section-cont-open' style='height:230px'><main  role=\"main\" itemprop=\"mainContentOfPage\"  class='template-page content  av-content-small alpha units'><div class='post-entry post-entry-type-page post-entry-945'><div class='entry-content-wrapper clearfix'>\n\n<style type=\"text\/css\" id=\"style-css-av-z5fih-3d16ddf498916722b70b1bd83b87ff21\">\n#top .flex_column.av-z5fih-3d16ddf498916722b70b1bd83b87ff21{\nmargin-top:0px;\nmargin-bottom:0px;\nborder-radius:0px;\n-webkit-border-radius:0px;\n-moz-border-radius:0px;\npadding:0px;\n}\n<\/style>\n<div class='flex_column av-z5fih-3d16ddf498916722b70b1bd83b87ff21 av_one_full  avia-builder-el-1  avia-builder-el-no-sibling  first flex_column_div  av-animated-generic left-to-right av-zero-column-padding '   ><style type=\"text\/css\" id=\"style-css-av-kstwinbo-9ef9965a5a02787b330afcb91b916b05\">\n#top .av-special-heading.av-kstwinbo-9ef9965a5a02787b330afcb91b916b05{\npadding-bottom:0px;\ncolor:#ffffff;\nfont-size:50px;\n}\n.av-special-heading.av-kstwinbo-9ef9965a5a02787b330afcb91b916b05 .special-heading-inner-border{\nborder-color:#ffffff;\n}\n<\/style>\n<div  class='av-special-heading av-kstwinbo-9ef9965a5a02787b330afcb91b916b05 av-special-heading-h1 custom-color-heading blockquote modern-quote modern-centered  avia-builder-el-2  avia-builder-el-no-sibling  av-inherit-size '><h1 class='av-special-heading-tag '  itemprop=\"headline\"  >Pro Bono<\/h1><div class='special-heading-border'><div class='special-heading-inner-border'><\/div><\/div><\/div><\/div>\n\n<\/div><\/div><\/main><!-- close content main element --><\/div><\/div><\/div><div id='av_section_2'  class='avia-section av-kw465er1-92418c1d2c45adcbc97fb56d9710b31a main_color avia-section-default avia-no-border-styling  avia-builder-el-3  el_after_av_section  el_before_av_section  avia-bg-style-fixed  container_wrap sidebar_right'  ><div class='container av-section-cont-open' ><div class='template-page content  av-content-small alpha units'><div class='post-entry post-entry-type-page post-entry-945'><div class='entry-content-wrapper clearfix'>\n\n<style type=\"text\/css\" id=\"style-css-av-xru0p-fa9fc117519252ee63ffd5cd2ee0ffdb\">\n#top .flex_column.av-xru0p-fa9fc117519252ee63ffd5cd2ee0ffdb{\nborder-radius:0px;\n-webkit-border-radius:0px;\n-moz-border-radius:0px;\npadding:0px;\n}\n<\/style>\n<div class='flex_column av-xru0p-fa9fc117519252ee63ffd5cd2ee0ffdb av_one_half  avia-builder-el-4  el_before_av_one_half  avia-builder-el-first  first flex_column_div av-zero-column-padding '   ><section class=\"av_textblock_section \"  itemscope=\"itemscope\" itemtype=\"https:\/\/schema.org\/CreativeWork\" ><div class='avia_textblock  '   itemprop=\"text\" ><p>En <strong>MCA<\/strong> consideramos esencial el compromiso con la sociedad en la que desarrollamos nuestro negocio. Por eso, aportamos soluciones legales y prestamos nuestros servicios en forma gratuita a quienes lo necesitan manteniendo la excelencia en la calidad profesional que nos caracteriza.<\/p>\n<p>El equipo interdisciplinario Pro bono de <strong>MCA<\/strong> incluye profesionales de las distintas \u00e1reas de pr\u00e1ctica de nuestros servicios.<\/p>\n<\/div><\/section><\/div>\n<style type=\"text\/css\" id=\"style-css-av-r121t-aafd509e47ba048aa6617aff3c322987\">\n#top .flex_column.av-r121t-aafd509e47ba048aa6617aff3c322987{\nborder-radius:0px;\n-webkit-border-radius:0px;\n-moz-border-radius:0px;\npadding:0px;\n}\n<\/style>\n<div class='flex_column av-r121t-aafd509e47ba048aa6617aff3c322987 av_one_half  avia-builder-el-6  el_after_av_one_half  el_before_av_one_fourth  flex_column_div av-zero-column-padding '   ><section class=\"av_textblock_section \"  itemscope=\"itemscope\" itemtype=\"https:\/\/schema.org\/CreativeWork\" ><div class='avia_textblock  '   itemprop=\"text\" ><p style=\"text-align: left;\"><strong>MCA<\/strong> est\u00e1 adherido a la <em>Declaraci\u00f3n de Trabajo Pro Bono para el Continente Americano<\/em> coordinada por el Cyrus R. Vance Center for International Justice de la NYC Bar Association y es miembro de la Comisi\u00f3n de Trabajo Pro Bono e Inter\u00e9s P\u00fablico del Colegio de Abogados de la Ciudad de Buenos Aires, comprometiendo recursos y horas al Programa Pro Bono.<\/p>\n<\/div><\/section><\/div><div class='flex_column_table av-nclj5-593b071545892e17ac91a5fc2d2427ea sc-av_one_fourth av-equal-height-column-flextable'>\n<style type=\"text\/css\" id=\"style-css-av-nclj5-593b071545892e17ac91a5fc2d2427ea\">\n#top .flex_column.av-nclj5-593b071545892e17ac91a5fc2d2427ea{\nborder-radius:0px;\n-webkit-border-radius:0px;\n-moz-border-radius:0px;\npadding:0px;\n}\n<\/style>\n<div class='flex_column av-nclj5-593b071545892e17ac91a5fc2d2427ea av_one_fourth  avia-builder-el-8  el_after_av_one_half  el_before_av_one_fourth  first flex_column_table_cell av-equal-height-column av-align-middle av-hide-on-mobile av-zero-column-padding column-top-margin'   ><\/div><div class='av-flex-placeholder'><\/div>\n<style type=\"text\/css\" id=\"style-css-av-av_one_fourth-060ffa3eb38b1a39ab8300ec197a32f6\">\n#top .flex_column.av-av_one_fourth-060ffa3eb38b1a39ab8300ec197a32f6{\nborder-radius:0px;\n-webkit-border-radius:0px;\n-moz-border-radius:0px;\npadding:0px;\n}\n<\/style>\n<div class='flex_column av-av_one_fourth-060ffa3eb38b1a39ab8300ec197a32f6 av_one_fourth  avia-builder-el-9  el_after_av_one_fourth  el_before_av_one_fourth  flex_column_table_cell av-equal-height-column av-align-middle av-zero-column-padding column-top-margin'   ><style type=\"text\/css\" id=\"style-css-av-av_image-7eafa95b94eef68e2d6908f59ddc180e\">\n.avia-image-container.av-av_image-7eafa95b94eef68e2d6908f59ddc180e .av-image-caption-overlay-center{\ncolor:#ffffff;\n}\n<\/style>\n<div  class='avia-image-container av-av_image-7eafa95b94eef68e2d6908f59ddc180e av-styling- avia-align-center  avia-builder-el-10  avia-builder-el-no-sibling  '  itemprop=\"image\" itemscope=\"itemscope\" itemtype=\"https:\/\/schema.org\/ImageObject\" ><div class=\"avia-image-container-inner\"><div class=\"avia-image-overlay-wrap\"><img decoding=\"async\" class='wp-image-1279 avia-img-lazy-loading-not-1279 avia_image' src=\"https:\/\/mcabogados.com.ar\/wp-content\/uploads\/2021\/11\/ProBono.jpg\" alt='' title='ProBono'  height=\"146\" width=\"512\"  itemprop=\"thumbnailUrl\" srcset=\"https:\/\/mcabogados.com.ar\/wp-content\/uploads\/2021\/11\/ProBono.jpg 512w, https:\/\/mcabogados.com.ar\/wp-content\/uploads\/2021\/11\/ProBono-300x86.jpg 300w\" sizes=\"(max-width: 512px) 100vw, 512px\" \/><\/div><\/div><\/div><\/div><div class='av-flex-placeholder'><\/div>\n<style type=\"text\/css\" id=\"style-css-av-1jqwh-71d8228178b316dfd9a180cb084a81de\">\n#top .flex_column.av-1jqwh-71d8228178b316dfd9a180cb084a81de{\nborder-radius:0px;\n-webkit-border-radius:0px;\n-moz-border-radius:0px;\npadding:0px;\n}\n<\/style>\n<div class='flex_column av-1jqwh-71d8228178b316dfd9a180cb084a81de av_one_fourth  avia-builder-el-11  el_after_av_one_fourth  el_before_av_one_fourth  flex_column_table_cell av-equal-height-column av-align-middle av-zero-column-padding column-top-margin'   ><style type=\"text\/css\" id=\"style-css-av-bezhd-a0f74cd8a89a364b008a09adc49d4f7a\">\n.avia-image-container.av-bezhd-a0f74cd8a89a364b008a09adc49d4f7a .av-image-caption-overlay-center{\ncolor:#ffffff;\n}\n<\/style>\n<div  class='avia-image-container av-bezhd-a0f74cd8a89a364b008a09adc49d4f7a av-styling- avia-align-center  avia-builder-el-12  avia-builder-el-no-sibling  '  itemprop=\"image\" itemscope=\"itemscope\" itemtype=\"https:\/\/schema.org\/ImageObject\" ><div class=\"avia-image-container-inner\"><div class=\"avia-image-overlay-wrap\"><img decoding=\"async\" class='wp-image-1284 avia-img-lazy-loading-not-1284 avia_image' src=\"https:\/\/mcabogados.com.ar\/wp-content\/uploads\/2021\/11\/Colegio-de-Abogados-de-la-Ciudad-de-Buenos-Aires.png\" alt='' title='Colegio de Abogados de la Ciudad de Buenos Aires'  height=\"103\" width=\"366\"  itemprop=\"thumbnailUrl\" srcset=\"https:\/\/mcabogados.com.ar\/wp-content\/uploads\/2021\/11\/Colegio-de-Abogados-de-la-Ciudad-de-Buenos-Aires.png 366w, https:\/\/mcabogados.com.ar\/wp-content\/uploads\/2021\/11\/Colegio-de-Abogados-de-la-Ciudad-de-Buenos-Aires-300x84.png 300w\" sizes=\"(max-width: 366px) 100vw, 366px\" \/><\/div><\/div><\/div><\/div><div class='av-flex-placeholder'><\/div>\n<style type=\"text\/css\" id=\"style-css-av-gs91l-8fc62d13dd1224fa9da5d1c366a22daf\">\n#top .flex_column.av-gs91l-8fc62d13dd1224fa9da5d1c366a22daf{\nborder-radius:0px;\n-webkit-border-radius:0px;\n-moz-border-radius:0px;\npadding:0px;\n}\n<\/style>\n<div class='flex_column av-gs91l-8fc62d13dd1224fa9da5d1c366a22daf av_one_fourth  avia-builder-el-13  el_after_av_one_fourth  avia-builder-el-last  flex_column_table_cell av-equal-height-column av-align-middle av-hide-on-mobile av-zero-column-padding column-top-margin'   ><\/div><\/div><!--close column table wrapper. Autoclose: 1 --><\/div><\/div><\/div><!-- close content main div --><\/div><\/div><div id='av_section_3'  class='avia-section av-n67ld-a0f070dcb87f658cc0b3e794adf05c33 alternate_color avia-section-large avia-no-border-styling  avia-builder-el-14  el_after_av_section  avia-builder-el-last  avia-bg-style-scroll  container_wrap sidebar_right'  ><div class='container av-section-cont-open' ><div class='template-page content  av-content-small alpha units'><div class='post-entry post-entry-type-page post-entry-945'><div class='entry-content-wrapper clearfix'>\n\n<style type=\"text\/css\" id=\"style-css-av-ktnkc1mx-7df8bc1fb6254d0f397064721db7d551\">\n#top .flex_column.av-ktnkc1mx-7df8bc1fb6254d0f397064721db7d551{\nborder-radius:0px;\n-webkit-border-radius:0px;\n-moz-border-radius:0px;\npadding:0px;\n}\n<\/style>\n<div class='flex_column av-ktnkc1mx-7df8bc1fb6254d0f397064721db7d551 av_one_fifth  avia-builder-el-15  el_before_av_three_fifth  avia-builder-el-first  first flex_column_div av-hide-on-mobile av-zero-column-padding '   ><\/div>\n<style type=\"text\/css\" id=\"style-css-av-fij7l-3cb3cde6ab048285de2553ae08ca488c\">\n#top .flex_column.av-fij7l-3cb3cde6ab048285de2553ae08ca488c{\nborder-radius:0px;\n-webkit-border-radius:0px;\n-moz-border-radius:0px;\npadding:0px;\n}\n<\/style>\n<div class='flex_column av-fij7l-3cb3cde6ab048285de2553ae08ca488c av_three_fifth  avia-builder-el-16  el_after_av_one_fifth  el_before_av_one_fifth  flex_column_div av-zero-column-padding '   ><section class=\"av_textblock_section \"  itemscope=\"itemscope\" itemtype=\"https:\/\/schema.org\/CreativeWork\" ><div class='avia_textblock  '   itemprop=\"text\" ><h2 style=\"text-align: center;\"><span style=\"font-weight: 400;\">Acompa\u00f1amos a distintas organizaciones en su desarrollo<br \/>\n<\/span><\/h2>\n<\/div><\/section><\/div>\n<style type=\"text\/css\" id=\"style-css-av-a6ylt-a742b3f32ee20752229367762d857f2b\">\n#top .flex_column.av-a6ylt-a742b3f32ee20752229367762d857f2b{\nborder-radius:0px;\n-webkit-border-radius:0px;\n-moz-border-radius:0px;\npadding:0px;\n}\n<\/style>\n<div class='flex_column av-a6ylt-a742b3f32ee20752229367762d857f2b av_one_fifth  avia-builder-el-18  el_after_av_three_fifth  el_before_av_one_fifth  flex_column_div av-hide-on-mobile av-zero-column-padding '   ><\/div>\n<style type=\"text\/css\" id=\"style-css-av-14p3s9-70f9cc24bb4afccb9da487decacc38dd\">\n#top .flex_column.av-14p3s9-70f9cc24bb4afccb9da487decacc38dd{\nborder-radius:0px;\n-webkit-border-radius:0px;\n-moz-border-radius:0px;\npadding:0px;\n}\n<\/style>\n<div class='flex_column av-14p3s9-70f9cc24bb4afccb9da487decacc38dd av_one_fifth  avia-builder-el-19  el_after_av_one_fifth  el_before_av_three_fifth  first flex_column_div av-hide-on-mobile av-zero-column-padding column-top-margin'   ><\/div>\n<style type=\"text\/css\" id=\"style-css-av-xbl55-50c7ddfe8d01bda91feb10c50a6e6028\">\n#top .flex_column.av-xbl55-50c7ddfe8d01bda91feb10c50a6e6028{\nborder-radius:0px;\n-webkit-border-radius:0px;\n-moz-border-radius:0px;\npadding:0px;\n}\n<\/style>\n<div class='flex_column av-xbl55-50c7ddfe8d01bda91feb10c50a6e6028 av_three_fifth  avia-builder-el-20  el_after_av_one_fifth  el_before_av_one_fifth  flex_column_div av-zero-column-padding column-top-margin'   ><style type=\"text\/css\" id=\"style-css-av-kwco93tb-e918191400244b169f7c62dae8779b5f\">\n.avia-image-container.av-kwco93tb-e918191400244b169f7c62dae8779b5f .av-image-caption-overlay-center{\ncolor:#ffffff;\n}\n<\/style>\n<div  class='avia-image-container av-kwco93tb-e918191400244b169f7c62dae8779b5f av-styling- avia-align-center  avia-builder-el-21  avia-builder-el-no-sibling  '  itemprop=\"image\" itemscope=\"itemscope\" itemtype=\"https:\/\/schema.org\/ImageObject\" ><div class=\"avia-image-container-inner\"><div class=\"avia-image-overlay-wrap\"><a href=\"https:\/\/www.facebook.com\/Semillas.org\/\" class='avia_image' target=\"_blank\" rel=\"noopener noreferrer\"><img decoding=\"async\" width=\"80\" height=\"80\" class='wp-image-946 avia-img-lazy-loading-not-946 avia_image' src=\"https:\/\/mcabogados.com.ar\/wp-content\/uploads\/2021\/08\/logo-semillas-blanco-80x80.png\" alt='' title='logo-semillas-blanco'  itemprop=\"thumbnailUrl\" srcset=\"https:\/\/mcabogados.com.ar\/wp-content\/uploads\/2021\/08\/logo-semillas-blanco-80x80.png 80w, https:\/\/mcabogados.com.ar\/wp-content\/uploads\/2021\/08\/logo-semillas-blanco-36x36.png 36w, https:\/\/mcabogados.com.ar\/wp-content\/uploads\/2021\/08\/logo-semillas-blanco-180x180.png 180w\" sizes=\"(max-width: 80px) 100vw, 80px\" \/><\/a><\/div><\/div><\/div><\/div>\n<style type=\"text\/css\" id=\"style-css-av-qt4k1-f092506190110a65d0a51701248858e7\">\n#top .flex_column.av-qt4k1-f092506190110a65d0a51701248858e7{\nborder-radius:0px;\n-webkit-border-radius:0px;\n-moz-border-radius:0px;\npadding:0px;\n}\n<\/style>\n<div class='flex_column av-qt4k1-f092506190110a65d0a51701248858e7 av_one_fifth  avia-builder-el-22  el_after_av_three_fifth  el_before_av_one_fifth  flex_column_div av-hide-on-mobile av-zero-column-padding column-top-margin'   ><\/div>\n<style type=\"text\/css\" id=\"style-css-av-kuu1t-116b86b2d552580e2d4342ada4271123\">\n#top .flex_column.av-kuu1t-116b86b2d552580e2d4342ada4271123{\nborder-radius:0px;\n-webkit-border-radius:0px;\n-moz-border-radius:0px;\npadding:0px;\n}\n<\/style>\n<div class='flex_column av-kuu1t-116b86b2d552580e2d4342ada4271123 av_one_fifth  avia-builder-el-23  el_after_av_one_fifth  el_before_av_three_fifth  first flex_column_div av-hide-on-mobile av-zero-column-padding column-top-margin'   ><\/div>\n<style type=\"text\/css\" id=\"style-css-av-fxce1-ccf6e0e3ce2420bfe53e7508aeb3b74d\">\n#top .flex_column.av-fxce1-ccf6e0e3ce2420bfe53e7508aeb3b74d{\nborder-radius:0px;\n-webkit-border-radius:0px;\n-moz-border-radius:0px;\npadding:0px;\n}\n<\/style>\n<div class='flex_column av-fxce1-ccf6e0e3ce2420bfe53e7508aeb3b74d av_three_fifth  avia-builder-el-24  el_after_av_one_fifth  el_before_av_one_fifth  flex_column_div av-zero-column-padding column-top-margin'   ><section class=\"av_textblock_section \"  itemscope=\"itemscope\" itemtype=\"https:\/\/schema.org\/CreativeWork\" ><div class='avia_textblock  '   itemprop=\"text\" ><h3 style=\"text-align: center;\"><span style=\"font-weight: 400;\">Si quer\u00e9s ser una de ellas, escribinos a <strong><a href=\"mailto:consultas@mcabogados.com.ar\" target=\"_blank\" rel=\"noopener\">consultas@mcabogados.com.ar<\/a><\/strong><\/span><\/h3>\n<\/div><\/section><\/div>\n<style type=\"text\/css\" id=\"style-css-av-8zhsh-54de8c9e3f0234e44e1e91ff48c74df4\">\n#top .flex_column.av-8zhsh-54de8c9e3f0234e44e1e91ff48c74df4{\nborder-radius:0px;\n-webkit-border-radius:0px;\n-moz-border-radius:0px;\npadding:0px;\n}\n<\/style>\n<div class='flex_column av-8zhsh-54de8c9e3f0234e44e1e91ff48c74df4 av_one_fifth  avia-builder-el-26  el_after_av_three_fifth  avia-builder-el-last  flex_column_div av-hide-on-mobile av-zero-column-padding column-top-margin'   ><\/div><\/div><\/div><\/div><!-- close content main div --><\/div><\/div><div id='after_section_3'  class='main_color av_default_container_wrap container_wrap sidebar_right'  ><div class='container av-section-cont-open' ><div class='template-page content  av-content-small alpha units'><div class='post-entry post-entry-type-page post-entry-945'><div class='entry-content-wrapper clearfix'><\/p>\n","protected":false},"excerpt":{"rendered":"","protected":false},"author":1,"featured_media":0,"parent":0,"menu_order":0,"comment_status":"closed","ping_status":"closed","template":"","meta":{"footnotes":""},"class_list":["post-945","page","type-page","status-publish","hentry"],"_links":{"self":[{"href":"https:\/\/mcabogados.com.ar\/index.php\/wp-json\/wp\/v2\/pages\/945","targetHints":{"allow":["GET"]}}],"collection":[{"href":"https:\/\/mcabogados.com.ar\/index.php\/wp-json\/wp\/v2\/pages"}],"about":[{"href":"https:\/\/mcabogados.com.ar\/index.php\/wp-json\/wp\/v2\/types\/page"}],"author":[{"embeddable":true,"href":"https:\/\/mcabogados.com.ar\/index.php\/wp-json\/wp\/v2\/users\/1"}],"replies":[{"embeddable":true,"href":"https:\/\/mcabogados.com.ar\/index.php\/wp-json\/wp\/v2\/comments?post=945"}],"version-history":[{"count":0,"href":"https:\/\/mcabogados.com.ar\/index.php\/wp-json\/wp\/v2\/pages\/945\/revisions"}],"wp:attachment":[{"href":"https:\/\/mcabogados.com.ar\/index.php\/wp-json\/wp\/v2\/media?parent=945"}],"curies":[{"name":"wp","href":"https:\/\/api.w.org\/{rel}","templated":true}]}}